{"id":93,"date":"2024-12-03T03:52:56","date_gmt":"2024-12-03T03:52:56","guid":{"rendered":"https:\/\/cedricjobin.art\/?page_id=93"},"modified":"2024-12-04T02:50:42","modified_gmt":"2024-12-04T02:50:42","slug":"modelisation-3d","status":"publish","type":"page","link":"https:\/\/cedricjobin.art\/?page_id=93","title":{"rendered":"Mod\u00e9lisation 3D"},"content":{"rendered":"\n<figure class=\"wp-block-image aligncenter size-large\"><img loading=\"lazy\" decoding=\"async\" width=\"1024\" height=\"27\" src=\"https:\/\/cedricjobin.art\/wp-content\/uploads\/2024\/12\/linelong-1024x27.png\" alt=\"\" class=\"wp-image-127\" srcset=\"https:\/\/cedricjobin.art\/wp-content\/uploads\/2024\/12\/linelong-1024x27.png 1024w, https:\/\/cedricjobin.art\/wp-content\/uploads\/2024\/12\/linelong-300x8.png 300w, https:\/\/cedricjobin.art\/wp-content\/uploads\/2024\/12\/linelong-768x20.png 768w, https:\/\/cedricjobin.art\/wp-content\/uploads\/2024\/12\/linelong-1536x40.png 1536w, https:\/\/cedricjobin.art\/wp-content\/uploads\/2024\/12\/linelong-2048x54.png 2048w\" sizes=\"auto, (max-width: 1024px) 100vw, 1024px\" \/><\/figure>\n\n\n\n<p><strong>Lunettes virtuelle<\/strong><br>Mod\u00e9lisation\/Textures: C\u00e9dric Jobin<\/p>\n\n\n\n<figure class=\"wp-block-video\"><video height=\"720\" style=\"aspect-ratio: 1280 \/ 720;\" width=\"1280\" autoplay loop muted src=\"https:\/\/cedricjobin.art\/wp-content\/uploads\/2024\/12\/goggles_port_2.0001.mp4\" playsinline><\/video><\/figure>\n\n\n\n<figure class=\"wp-block-gallery has-nested-images columns-default is-cropped wp-block-gallery-1 is-layout-flex wp-block-gallery-is-layout-flex\">\n<figure class=\"wp-block-image size-full\"><img loading=\"lazy\" decoding=\"async\" width=\"960\" height=\"540\" data-id=\"151\" src=\"https:\/\/cedricjobin.art\/wp-content\/uploads\/2024\/12\/goggle_rendered-1.jpg\" alt=\"\" class=\"wp-image-151\" srcset=\"https:\/\/cedricjobin.art\/wp-content\/uploads\/2024\/12\/goggle_rendered-1.jpg 960w, https:\/\/cedricjobin.art\/wp-content\/uploads\/2024\/12\/goggle_rendered-1-300x169.jpg 300w, https:\/\/cedricjobin.art\/wp-content\/uploads\/2024\/12\/goggle_rendered-1-768x432.jpg 768w\" sizes=\"auto, (max-width: 960px) 100vw, 960px\" \/><\/figure>\n\n\n\n<figure class=\"wp-block-image size-full is-style-default\"><img loading=\"lazy\" decoding=\"async\" width=\"960\" height=\"540\" data-id=\"152\" src=\"https:\/\/cedricjobin.art\/wp-content\/uploads\/2024\/12\/goggle_wireframe-1.jpg\" alt=\"\" class=\"wp-image-152\" srcset=\"https:\/\/cedricjobin.art\/wp-content\/uploads\/2024\/12\/goggle_wireframe-1.jpg 960w, https:\/\/cedricjobin.art\/wp-content\/uploads\/2024\/12\/goggle_wireframe-1-300x169.jpg 300w, https:\/\/cedricjobin.art\/wp-content\/uploads\/2024\/12\/goggle_wireframe-1-768x432.jpg 768w\" sizes=\"auto, (max-width: 960px) 100vw, 960px\" \/><\/figure>\n<\/figure>\n\n\n\n<figure class=\"wp-block-image aligncenter size-large\"><img loading=\"lazy\" decoding=\"async\" width=\"1024\" height=\"27\" src=\"https:\/\/cedricjobin.art\/wp-content\/uploads\/2024\/12\/linelong-1024x27.png\" alt=\"\" class=\"wp-image-127\" srcset=\"https:\/\/cedricjobin.art\/wp-content\/uploads\/2024\/12\/linelong-1024x27.png 1024w, https:\/\/cedricjobin.art\/wp-content\/uploads\/2024\/12\/linelong-300x8.png 300w, https:\/\/cedricjobin.art\/wp-content\/uploads\/2024\/12\/linelong-768x20.png 768w, https:\/\/cedricjobin.art\/wp-content\/uploads\/2024\/12\/linelong-1536x40.png 1536w, https:\/\/cedricjobin.art\/wp-content\/uploads\/2024\/12\/linelong-2048x54.png 2048w\" sizes=\"auto, (max-width: 1024px) 100vw, 1024px\" \/><\/figure>\n\n\n\n<p><strong>Bouffe D&#8217;\u00c9t\u00e9<\/strong><br>Mod\u00e9lisation\/Textures: C\u00e9dric Jobin<\/p>\n\n\n\n<figure class=\"wp-block-video\"><video height=\"720\" style=\"aspect-ratio: 1280 \/ 720;\" width=\"1280\" autoplay loop muted src=\"https:\/\/cedricjobin.art\/wp-content\/uploads\/2024\/12\/cactusspin.mp4\" playsinline><\/video><\/figure>\n\n\n\n<figure class=\"wp-block-gallery has-nested-images columns-default is-cropped wp-block-gallery-2 is-layout-flex wp-block-gallery-is-layout-flex\">\n<figure class=\"wp-block-image size-large\"><img loading=\"lazy\" decoding=\"async\" width=\"1024\" height=\"576\" data-id=\"160\" src=\"https:\/\/cedricjobin.art\/wp-content\/uploads\/2024\/12\/cactuses-1024x576.jpg\" alt=\"\" class=\"wp-image-160\" srcset=\"https:\/\/cedricjobin.art\/wp-content\/uploads\/2024\/12\/cactuses-1024x576.jpg 1024w, https:\/\/cedricjobin.art\/wp-content\/uploads\/2024\/12\/cactuses-300x169.jpg 300w, https:\/\/cedricjobin.art\/wp-content\/uploads\/2024\/12\/cactuses-768x432.jpg 768w, https:\/\/cedricjobin.art\/wp-content\/uploads\/2024\/12\/cactuses-1536x864.jpg 1536w, https:\/\/cedricjobin.art\/wp-content\/uploads\/2024\/12\/cactuses.jpg 1920w\" sizes=\"auto, (max-width: 1024px) 100vw, 1024px\" \/><\/figure>\n<\/figure>\n\n\n\n<figure class=\"wp-block-image aligncenter size-large\"><img loading=\"lazy\" decoding=\"async\" width=\"1024\" height=\"27\" src=\"https:\/\/cedricjobin.art\/wp-content\/uploads\/2024\/12\/linelong-1024x27.png\" alt=\"\" class=\"wp-image-127\" srcset=\"https:\/\/cedricjobin.art\/wp-content\/uploads\/2024\/12\/linelong-1024x27.png 1024w, https:\/\/cedricjobin.art\/wp-content\/uploads\/2024\/12\/linelong-300x8.png 300w, https:\/\/cedricjobin.art\/wp-content\/uploads\/2024\/12\/linelong-768x20.png 768w, https:\/\/cedricjobin.art\/wp-content\/uploads\/2024\/12\/linelong-1536x40.png 1536w, https:\/\/cedricjobin.art\/wp-content\/uploads\/2024\/12\/linelong-2048x54.png 2048w\" sizes=\"auto, (max-width: 1024px) 100vw, 1024px\" \/><\/figure>\n","protected":false},"excerpt":{"rendered":"<p>Lunettes virtuelleMod\u00e9lisation\/Textures: C\u00e9dric Jobin Bouffe D&#8217;\u00c9t\u00e9Mod\u00e9lisation\/Textures: C\u00e9dric Jobin<\/p>\n","protected":false},"author":1,"featured_media":0,"parent":0,"menu_order":0,"comment_status":"closed","ping_status":"closed","template":"","meta":{"footnotes":""},"class_list":["post-93","page","type-page","status-publish","hentry"],"yoast_head":"<!-- This site is optimized with the Yoast SEO plugin v24.0 - https:\/\/yoast.com\/wordpress\/plugins\/seo\/ -->\n<title>Mod\u00e9lisation 3D - Jobin Art<\/title>\n<meta name=\"robots\" content=\"index, follow, max-snippet:-1, max-image-preview:large, max-video-preview:-1\" \/>\n<link rel=\"canonical\" href=\"http:\/\/cedricjobin.art\/?page_id=93\" \/>\n<meta property=\"og:locale\" content=\"en_US\" \/>\n<meta property=\"og:type\" content=\"article\" \/>\n<meta property=\"og:title\" content=\"Mod\u00e9lisation 3D - Jobin Art\" \/>\n<meta property=\"og:description\" content=\"Lunettes virtuelleMod\u00e9lisation\/Textures: C\u00e9dric Jobin Bouffe D&#8217;\u00c9t\u00e9Mod\u00e9lisation\/Textures: C\u00e9dric Jobin\" \/>\n<meta property=\"og:url\" content=\"http:\/\/cedricjobin.art\/?page_id=93\" \/>\n<meta property=\"og:site_name\" content=\"Jobin Art\" \/>\n<meta property=\"article:modified_time\" content=\"2024-12-04T02:50:42+00:00\" \/>\n<meta property=\"og:image\" content=\"https:\/\/cedricjobin.art\/wp-content\/uploads\/2024\/12\/linelong.png\" \/>\n\t<meta property=\"og:image:width\" content=\"6103\" \/>\n\t<meta property=\"og:image:height\" content=\"160\" \/>\n\t<meta property=\"og:image:type\" content=\"image\/png\" \/>\n<meta name=\"twitter:card\" content=\"summary_large_image\" \/>\n<script type=\"application\/ld+json\" class=\"yoast-schema-graph\">{\"@context\":\"https:\/\/schema.org\",\"@graph\":[{\"@type\":\"WebPage\",\"@id\":\"http:\/\/cedricjobin.art\/?page_id=93\",\"url\":\"http:\/\/cedricjobin.art\/?page_id=93\",\"name\":\"Mod\u00e9lisation 3D - Jobin Art\",\"isPartOf\":{\"@id\":\"http:\/\/cedricjobin.art\/#website\"},\"primaryImageOfPage\":{\"@id\":\"http:\/\/cedricjobin.art\/?page_id=93#primaryimage\"},\"image\":{\"@id\":\"http:\/\/cedricjobin.art\/?page_id=93#primaryimage\"},\"thumbnailUrl\":\"https:\/\/cedricjobin.art\/wp-content\/uploads\/2024\/12\/linelong-1024x27.png\",\"datePublished\":\"2024-12-03T03:52:56+00:00\",\"dateModified\":\"2024-12-04T02:50:42+00:00\",\"breadcrumb\":{\"@id\":\"http:\/\/cedricjobin.art\/?page_id=93#breadcrumb\"},\"inLanguage\":\"en-US\",\"potentialAction\":[{\"@type\":\"ReadAction\",\"target\":[\"http:\/\/cedricjobin.art\/?page_id=93\"]}]},{\"@type\":\"ImageObject\",\"inLanguage\":\"en-US\",\"@id\":\"http:\/\/cedricjobin.art\/?page_id=93#primaryimage\",\"url\":\"https:\/\/cedricjobin.art\/wp-content\/uploads\/2024\/12\/linelong.png\",\"contentUrl\":\"https:\/\/cedricjobin.art\/wp-content\/uploads\/2024\/12\/linelong.png\",\"width\":6103,\"height\":160},{\"@type\":\"BreadcrumbList\",\"@id\":\"http:\/\/cedricjobin.art\/?page_id=93#breadcrumb\",\"itemListElement\":[{\"@type\":\"ListItem\",\"position\":1,\"name\":\"Home\",\"item\":\"http:\/\/cedricjobin.art\/\"},{\"@type\":\"ListItem\",\"position\":2,\"name\":\"Mod\u00e9lisation 3D\"}]},{\"@type\":\"WebSite\",\"@id\":\"http:\/\/cedricjobin.art\/#website\",\"url\":\"http:\/\/cedricjobin.art\/\",\"name\":\"Jobin Art\",\"description\":\"\",\"publisher\":{\"@id\":\"http:\/\/cedricjobin.art\/#organization\"},\"potentialAction\":[{\"@type\":\"SearchAction\",\"target\":{\"@type\":\"EntryPoint\",\"urlTemplate\":\"http:\/\/cedricjobin.art\/?s={search_term_string}\"},\"query-input\":{\"@type\":\"PropertyValueSpecification\",\"valueRequired\":true,\"valueName\":\"search_term_string\"}}],\"inLanguage\":\"en-US\"},{\"@type\":\"Organization\",\"@id\":\"http:\/\/cedricjobin.art\/#organization\",\"name\":\"Jobin Art\",\"url\":\"http:\/\/cedricjobin.art\/\",\"logo\":{\"@type\":\"ImageObject\",\"inLanguage\":\"en-US\",\"@id\":\"http:\/\/cedricjobin.art\/#\/schema\/logo\/image\/\",\"url\":\"https:\/\/cedricjobin.art\/wp-content\/uploads\/2024\/12\/rat.png\",\"contentUrl\":\"https:\/\/cedricjobin.art\/wp-content\/uploads\/2024\/12\/rat.png\",\"width\":406,\"height\":446,\"caption\":\"Jobin Art\"},\"image\":{\"@id\":\"http:\/\/cedricjobin.art\/#\/schema\/logo\/image\/\"}}]}<\/script>\n<!-- \/ Yoast SEO plugin. -->","yoast_head_json":{"title":"Mod\u00e9lisation 3D - Jobin Art","robots":{"index":"index","follow":"follow","max-snippet":"max-snippet:-1","max-image-preview":"max-image-preview:large","max-video-preview":"max-video-preview:-1"},"canonical":"http:\/\/cedricjobin.art\/?page_id=93","og_locale":"en_US","og_type":"article","og_title":"Mod\u00e9lisation 3D - Jobin Art","og_description":"Lunettes virtuelleMod\u00e9lisation\/Textures: C\u00e9dric Jobin Bouffe D&#8217;\u00c9t\u00e9Mod\u00e9lisation\/Textures: C\u00e9dric Jobin","og_url":"http:\/\/cedricjobin.art\/?page_id=93","og_site_name":"Jobin Art","article_modified_time":"2024-12-04T02:50:42+00:00","og_image":[{"width":6103,"height":160,"url":"https:\/\/cedricjobin.art\/wp-content\/uploads\/2024\/12\/linelong.png","type":"image\/png"}],"twitter_card":"summary_large_image","schema":{"@context":"https:\/\/schema.org","@graph":[{"@type":"WebPage","@id":"http:\/\/cedricjobin.art\/?page_id=93","url":"http:\/\/cedricjobin.art\/?page_id=93","name":"Mod\u00e9lisation 3D - Jobin Art","isPartOf":{"@id":"http:\/\/cedricjobin.art\/#website"},"primaryImageOfPage":{"@id":"http:\/\/cedricjobin.art\/?page_id=93#primaryimage"},"image":{"@id":"http:\/\/cedricjobin.art\/?page_id=93#primaryimage"},"thumbnailUrl":"https:\/\/cedricjobin.art\/wp-content\/uploads\/2024\/12\/linelong-1024x27.png","datePublished":"2024-12-03T03:52:56+00:00","dateModified":"2024-12-04T02:50:42+00:00","breadcrumb":{"@id":"http:\/\/cedricjobin.art\/?page_id=93#breadcrumb"},"inLanguage":"en-US","potentialAction":[{"@type":"ReadAction","target":["http:\/\/cedricjobin.art\/?page_id=93"]}]},{"@type":"ImageObject","inLanguage":"en-US","@id":"http:\/\/cedricjobin.art\/?page_id=93#primaryimage","url":"https:\/\/cedricjobin.art\/wp-content\/uploads\/2024\/12\/linelong.png","contentUrl":"https:\/\/cedricjobin.art\/wp-content\/uploads\/2024\/12\/linelong.png","width":6103,"height":160},{"@type":"BreadcrumbList","@id":"http:\/\/cedricjobin.art\/?page_id=93#breadcrumb","itemListElement":[{"@type":"ListItem","position":1,"name":"Home","item":"http:\/\/cedricjobin.art\/"},{"@type":"ListItem","position":2,"name":"Mod\u00e9lisation 3D"}]},{"@type":"WebSite","@id":"http:\/\/cedricjobin.art\/#website","url":"http:\/\/cedricjobin.art\/","name":"Jobin Art","description":"","publisher":{"@id":"http:\/\/cedricjobin.art\/#organization"},"potentialAction":[{"@type":"SearchAction","target":{"@type":"EntryPoint","urlTemplate":"http:\/\/cedricjobin.art\/?s={search_term_string}"},"query-input":{"@type":"PropertyValueSpecification","valueRequired":true,"valueName":"search_term_string"}}],"inLanguage":"en-US"},{"@type":"Organization","@id":"http:\/\/cedricjobin.art\/#organization","name":"Jobin Art","url":"http:\/\/cedricjobin.art\/","logo":{"@type":"ImageObject","inLanguage":"en-US","@id":"http:\/\/cedricjobin.art\/#\/schema\/logo\/image\/","url":"https:\/\/cedricjobin.art\/wp-content\/uploads\/2024\/12\/rat.png","contentUrl":"https:\/\/cedricjobin.art\/wp-content\/uploads\/2024\/12\/rat.png","width":406,"height":446,"caption":"Jobin Art"},"image":{"@id":"http:\/\/cedricjobin.art\/#\/schema\/logo\/image\/"}}]}},"_links":{"self":[{"href":"https:\/\/cedricjobin.art\/index.php?rest_route=\/wp\/v2\/pages\/93","targetHints":{"allow":["GET"]}}],"collection":[{"href":"https:\/\/cedricjobin.art\/index.php?rest_route=\/wp\/v2\/pages"}],"about":[{"href":"https:\/\/cedricjobin.art\/index.php?rest_route=\/wp\/v2\/types\/page"}],"author":[{"embeddable":true,"href":"https:\/\/cedricjobin.art\/index.php?rest_route=\/wp\/v2\/users\/1"}],"replies":[{"embeddable":true,"href":"https:\/\/cedricjobin.art\/index.php?rest_route=%2Fwp%2Fv2%2Fcomments&post=93"}],"version-history":[{"count":5,"href":"https:\/\/cedricjobin.art\/index.php?rest_route=\/wp\/v2\/pages\/93\/revisions"}],"predecessor-version":[{"id":162,"href":"https:\/\/cedricjobin.art\/index.php?rest_route=\/wp\/v2\/pages\/93\/revisions\/162"}],"wp:attachment":[{"href":"https:\/\/cedricjobin.art\/index.php?rest_route=%2Fwp%2Fv2%2Fmedia&parent=93"}],"curies":[{"name":"wp","href":"https:\/\/api.w.org\/{rel}","templated":true}]}}