{"id":92,"date":"2024-12-03T03:50:24","date_gmt":"2024-12-03T03:50:24","guid":{"rendered":"https:\/\/cedricjobin.art\/?page_id=92"},"modified":"2024-12-03T11:30:50","modified_gmt":"2024-12-03T11:30:50","slug":"projets-danimation","status":"publish","type":"page","link":"https:\/\/cedricjobin.art\/?page_id=92","title":{"rendered":"Projets d&#8217;Animation"},"content":{"rendered":"\n<h2 class=\"wp-block-heading\">Projets D&#8217;Animation<\/h2>\n\n\n\n<figure class=\"wp-block-image size-large\"><img loading=\"lazy\" decoding=\"async\" width=\"1024\" height=\"49\" src=\"https:\/\/cedricjobin.art\/wp-content\/uploads\/2024\/12\/line-1-1024x49.png\" alt=\"\" class=\"wp-image-70\" srcset=\"https:\/\/cedricjobin.art\/wp-content\/uploads\/2024\/12\/line-1-1024x49.png 1024w, https:\/\/cedricjobin.art\/wp-content\/uploads\/2024\/12\/line-1-300x14.png 300w, https:\/\/cedricjobin.art\/wp-content\/uploads\/2024\/12\/line-1-768x36.png 768w, https:\/\/cedricjobin.art\/wp-content\/uploads\/2024\/12\/line-1-1536x73.png 1536w, https:\/\/cedricjobin.art\/wp-content\/uploads\/2024\/12\/line-1-2048x97.png 2048w\" sizes=\"auto, (max-width: 1024px) 100vw, 1024px\" \/><\/figure>\n\n\n\n<h4 class=\"wp-block-heading has-hongebonge-font-family\">Deus Ex Sacrificium<\/h4>\n\n\n\n<p class=\"has-small-font-size\">Mod\u00e8le de personnage par: Jovanny Zapata<br>Direction: Matisse Bolduc\/C\u00e9dric Jobin<br>Animation: C\u00e9dric Jobin<br>D\u00e9cors: Matisse Bolduc<br>Mod\u00e8le\/Rigging du serpent: M\u00e9lissa Landry<br>Musique: Lourick Famelart<br><em>Animation 3D<\/em><\/p>\n\n\n\n<div class=\"wp-block-group is-nowrap is-layout-flex wp-container-core-group-is-layout-6c531013 wp-block-group-is-layout-flex\">\n<figure class=\"wp-block-video\"><video height=\"1080\" style=\"aspect-ratio: 1920 \/ 1080;\" width=\"1920\" controls src=\"https:\/\/cedricjobin.art\/wp-content\/uploads\/2024\/12\/ani3001_lesjungliers_oeuvreevaluation_v2.mp4\" playsinline><\/video><\/figure>\n<\/div>\n\n\n\n<p>Ce film est sans aucun doute le projet le plus complexe sur lequel j&#8217;ai eu la chance de travailler, mais aussi le plus satisfaisant et celui avec lequel j\u2019ai le plus appris. Au fil de l&#8217;ann\u00e9e, le projet a \u00e9volu\u00e9 plusieurs fois, s&#8217;adaptant ainsi aux d\u00e9fis techniques et cr\u00e9atifs. J&#8217;ai eu l&#8217;opportunit\u00e9 d&#8217;y contribuer en tant qu&#8217;animateur et co-directeur, assurant \u00e9galement la gestion des impr\u00e9vus et r\u00e9solvant divers probl\u00e8mes. Travailler avec une \u00e9quipe passionn\u00e9e, d\u00e9termin\u00e9e \u00e0 cr\u00e9er un film de qualit\u00e9, a rendu l&#8217;exp\u00e9rience particuli\u00e8rement enrichissante.<\/p>\n\n\n\n<figure class=\"wp-block-image size-large\"><img loading=\"lazy\" decoding=\"async\" width=\"1024\" height=\"49\" src=\"https:\/\/cedricjobin.art\/wp-content\/uploads\/2024\/12\/line-1-1024x49.png\" alt=\"\" class=\"wp-image-70\" srcset=\"https:\/\/cedricjobin.art\/wp-content\/uploads\/2024\/12\/line-1-1024x49.png 1024w, https:\/\/cedricjobin.art\/wp-content\/uploads\/2024\/12\/line-1-300x14.png 300w, https:\/\/cedricjobin.art\/wp-content\/uploads\/2024\/12\/line-1-768x36.png 768w, https:\/\/cedricjobin.art\/wp-content\/uploads\/2024\/12\/line-1-1536x73.png 1536w, https:\/\/cedricjobin.art\/wp-content\/uploads\/2024\/12\/line-1-2048x97.png 2048w\" sizes=\"auto, (max-width: 1024px) 100vw, 1024px\" \/><\/figure>\n\n\n\n<h4 class=\"wp-block-heading has-hongebonge-font-family\">Hot Dogs<\/h4>\n\n\n\n<p class=\"has-small-font-size\">C\u00e9dric Jobin<br><em>Animation Stop-Motion<\/em><\/p>\n\n\n\n<div class=\"wp-block-group is-nowrap is-layout-flex wp-container-core-group-is-layout-6c531013 wp-block-group-is-layout-flex\">\n<figure class=\"wp-block-video\"><video height=\"720\" style=\"aspect-ratio: 1280 \/ 720;\" width=\"1280\" controls poster=\"https:\/\/cedricjobin.art\/wp-content\/uploads\/2024\/12\/HOT-DOGS-mp4-image.png\" src=\"https:\/\/cedricjobin.art\/wp-content\/uploads\/2024\/12\/HOT-DOGS.mp4\" playsinline><\/video><\/figure>\n<\/div>\n\n\n\n<p>Un tr\u00e8s court m\u00e9trage d\u2019animation Stop-Motion, r\u00e9alis\u00e9 en deux semaines. C\u2019\u00e9tait la premi\u00e8re fois que j\u2019utilisais une marionnette qui pouvait rester debout toute seule (gr\u00e2ce \u00e0 des supports en dessous des pieds).<\/p>\n\n\n\n<figure class=\"wp-block-image size-large\"><img loading=\"lazy\" decoding=\"async\" width=\"1024\" height=\"49\" src=\"https:\/\/cedricjobin.art\/wp-content\/uploads\/2024\/12\/line-1-1024x49.png\" alt=\"\" class=\"wp-image-70\" srcset=\"https:\/\/cedricjobin.art\/wp-content\/uploads\/2024\/12\/line-1-1024x49.png 1024w, https:\/\/cedricjobin.art\/wp-content\/uploads\/2024\/12\/line-1-300x14.png 300w, https:\/\/cedricjobin.art\/wp-content\/uploads\/2024\/12\/line-1-768x36.png 768w, https:\/\/cedricjobin.art\/wp-content\/uploads\/2024\/12\/line-1-1536x73.png 1536w, https:\/\/cedricjobin.art\/wp-content\/uploads\/2024\/12\/line-1-2048x97.png 2048w\" sizes=\"auto, (max-width: 1024px) 100vw, 1024px\" \/><\/figure>\n\n\n\n<h4 class=\"wp-block-heading has-hongebonge-font-family\">Le Champignon Chenille<\/h4>\n\n\n\n<p class=\"has-small-font-size\">C\u00e9dric Jobin<br><em>Animation 2D<\/em><\/p>\n\n\n\n<div class=\"wp-block-group is-nowrap is-layout-flex wp-container-core-group-is-layout-6c531013 wp-block-group-is-layout-flex\">\n<figure class=\"wp-block-video\"><video height=\"1080\" style=\"aspect-ratio: 1920 \/ 1080;\" width=\"1920\" controls poster=\"https:\/\/cedricjobin.art\/wp-content\/uploads\/2024\/12\/ANIDOC-2022-Le-Champignon-Chenille-mp4-image.png\" src=\"https:\/\/cedricjobin.art\/wp-content\/uploads\/2024\/12\/ANIDOC-2022-Le-Champignon-Chenille.mp4\" playsinline><\/video><\/figure>\n<\/div>\n\n\n\n<p>Ce film a \u00e9t\u00e9 cr\u00e9\u00e9 pour un cours d\u2019animation documentaire. Le but \u00e9tait de raconter un sujet par le biais d\u2019un court m\u00e9trage d\u2019animation. J\u2019ai profit\u00e9 de l\u2019opportunit\u00e9 pour faire un peu d\u2019animation 2D, pour me familiariser davantage avec le proc\u00e9d\u00e9.<\/p>\n\n\n\n<figure class=\"wp-block-image size-large\"><img loading=\"lazy\" decoding=\"async\" width=\"1024\" height=\"49\" src=\"https:\/\/cedricjobin.art\/wp-content\/uploads\/2024\/12\/line-1-1024x49.png\" alt=\"\" class=\"wp-image-70\" srcset=\"https:\/\/cedricjobin.art\/wp-content\/uploads\/2024\/12\/line-1-1024x49.png 1024w, https:\/\/cedricjobin.art\/wp-content\/uploads\/2024\/12\/line-1-300x14.png 300w, https:\/\/cedricjobin.art\/wp-content\/uploads\/2024\/12\/line-1-768x36.png 768w, https:\/\/cedricjobin.art\/wp-content\/uploads\/2024\/12\/line-1-1536x73.png 1536w, https:\/\/cedricjobin.art\/wp-content\/uploads\/2024\/12\/line-1-2048x97.png 2048w\" sizes=\"auto, (max-width: 1024px) 100vw, 1024px\" \/><\/figure>\n\n\n\n<h4 class=\"wp-block-heading has-hongebonge-font-family\">Nightwalk<\/h4>\n\n\n\n<p class=\"has-small-font-size\">C\u00e9dric Jobin<br><em>Animation 3D<\/em><\/p>\n\n\n\n<figure class=\"wp-block-video\"><video height=\"720\" style=\"aspect-ratio: 1280 \/ 720;\" width=\"1280\" controls src=\"https:\/\/cedricjobin.art\/wp-content\/uploads\/2024\/12\/sadwalk.mp4\" playsinline><\/video><\/figure>\n\n\n\n<figure class=\"wp-block-image size-large\"><img loading=\"lazy\" decoding=\"async\" width=\"1024\" height=\"49\" src=\"https:\/\/cedricjobin.art\/wp-content\/uploads\/2024\/12\/line-1-1024x49.png\" alt=\"\" class=\"wp-image-70\" srcset=\"https:\/\/cedricjobin.art\/wp-content\/uploads\/2024\/12\/line-1-1024x49.png 1024w, https:\/\/cedricjobin.art\/wp-content\/uploads\/2024\/12\/line-1-300x14.png 300w, https:\/\/cedricjobin.art\/wp-content\/uploads\/2024\/12\/line-1-768x36.png 768w, https:\/\/cedricjobin.art\/wp-content\/uploads\/2024\/12\/line-1-1536x73.png 1536w, https:\/\/cedricjobin.art\/wp-content\/uploads\/2024\/12\/line-1-2048x97.png 2048w\" sizes=\"auto, (max-width: 1024px) 100vw, 1024px\" \/><\/figure>\n\n\n\n<h4 class=\"wp-block-heading has-hongebonge-font-family\"><em>Projet pour le Clap<\/em><\/h4>\n\n\n\n<p class=\"has-small-font-size\">D\u00e9cors\/Animation\/Montage: C\u00e9dric Jobin<br>Mod\u00e8le de voiture: Marianne Girouard<br><em>Animation 3D<\/em><\/p>\n\n\n\n<figure class=\"wp-block-video\"><video height=\"480\" style=\"aspect-ratio: 720 \/ 480;\" width=\"720\" controls muted src=\"https:\/\/cedricjobin.art\/wp-content\/uploads\/2024\/12\/testfinal-1.avi\" playsinline><\/video><\/figure>\n\n\n\n<p>Un projet qui avait \u00e9t\u00e9 produite pour le comit\u00e9 de s\u00e9lection du Clap. L\u2019id\u00e9e \u00e9tait de faire un film pour rappeler aux spectateurs de garder le silence durant la projection.&nbsp;<\/p>\n\n\n\n<figure class=\"wp-block-image size-large\"><img loading=\"lazy\" decoding=\"async\" width=\"1024\" height=\"49\" src=\"https:\/\/cedricjobin.art\/wp-content\/uploads\/2024\/12\/line-1-1024x49.png\" alt=\"\" class=\"wp-image-70\" srcset=\"https:\/\/cedricjobin.art\/wp-content\/uploads\/2024\/12\/line-1-1024x49.png 1024w, https:\/\/cedricjobin.art\/wp-content\/uploads\/2024\/12\/line-1-300x14.png 300w, https:\/\/cedricjobin.art\/wp-content\/uploads\/2024\/12\/line-1-768x36.png 768w, https:\/\/cedricjobin.art\/wp-content\/uploads\/2024\/12\/line-1-1536x73.png 1536w, https:\/\/cedricjobin.art\/wp-content\/uploads\/2024\/12\/line-1-2048x97.png 2048w\" sizes=\"auto, (max-width: 1024px) 100vw, 1024px\" \/><\/figure>\n","protected":false},"excerpt":{"rendered":"<p>Projets D&#8217;Animation Deus Ex Sacrificium Mod\u00e8le de personnage par: Jovanny ZapataDirection: Matisse Bolduc\/C\u00e9dric JobinAnimation: C\u00e9dric JobinD\u00e9cors: Matisse BolducMod\u00e8le\/Rigging du serpent: M\u00e9lissa LandryMusique: Lourick FamelartAnimation 3D Ce film est sans aucun doute le projet le plus complexe sur lequel j&#8217;ai eu la chance de travailler, mais aussi le plus satisfaisant et celui avec lequel j\u2019ai le [&hellip;]<\/p>\n","protected":false},"author":1,"featured_media":0,"parent":0,"menu_order":0,"comment_status":"closed","ping_status":"closed","template":"","meta":{"footnotes":""},"class_list":["post-92","page","type-page","status-publish","hentry"],"yoast_head":"<!-- This site is optimized with the Yoast SEO plugin v24.0 - https:\/\/yoast.com\/wordpress\/plugins\/seo\/ -->\n<title>Projets d&#039;Animation - Jobin Art<\/title>\n<meta name=\"robots\" content=\"index, follow, max-snippet:-1, max-image-preview:large, max-video-preview:-1\" \/>\n<link rel=\"canonical\" href=\"http:\/\/cedricjobin.art\/?page_id=92\" \/>\n<meta property=\"og:locale\" content=\"en_US\" \/>\n<meta property=\"og:type\" content=\"article\" \/>\n<meta property=\"og:title\" content=\"Projets d&#039;Animation - Jobin Art\" \/>\n<meta property=\"og:description\" content=\"Projets D&#8217;Animation Deus Ex Sacrificium Mod\u00e8le de personnage par: Jovanny ZapataDirection: Matisse Bolduc\/C\u00e9dric JobinAnimation: C\u00e9dric JobinD\u00e9cors: Matisse BolducMod\u00e8le\/Rigging du serpent: M\u00e9lissa LandryMusique: Lourick FamelartAnimation 3D Ce film est sans aucun doute le projet le plus complexe sur lequel j&#8217;ai eu la chance de travailler, mais aussi le plus satisfaisant et celui avec lequel j\u2019ai le [&hellip;]\" \/>\n<meta property=\"og:url\" content=\"http:\/\/cedricjobin.art\/?page_id=92\" \/>\n<meta property=\"og:site_name\" content=\"Jobin Art\" \/>\n<meta property=\"article:modified_time\" content=\"2024-12-03T11:30:50+00:00\" \/>\n<meta property=\"og:image\" content=\"https:\/\/cedricjobin.art\/wp-content\/uploads\/2024\/12\/line-1.png\" \/>\n\t<meta property=\"og:image:width\" content=\"3367\" \/>\n\t<meta property=\"og:image:height\" content=\"160\" \/>\n\t<meta property=\"og:image:type\" content=\"image\/png\" \/>\n<meta name=\"twitter:card\" content=\"summary_large_image\" \/>\n<meta name=\"twitter:label1\" content=\"Est. reading time\" \/>\n\t<meta name=\"twitter:data1\" content=\"1 minute\" \/>\n<script type=\"application\/ld+json\" class=\"yoast-schema-graph\">{\"@context\":\"https:\/\/schema.org\",\"@graph\":[{\"@type\":\"WebPage\",\"@id\":\"http:\/\/cedricjobin.art\/?page_id=92\",\"url\":\"http:\/\/cedricjobin.art\/?page_id=92\",\"name\":\"Projets d'Animation - Jobin Art\",\"isPartOf\":{\"@id\":\"http:\/\/cedricjobin.art\/#website\"},\"primaryImageOfPage\":{\"@id\":\"http:\/\/cedricjobin.art\/?page_id=92#primaryimage\"},\"image\":{\"@id\":\"http:\/\/cedricjobin.art\/?page_id=92#primaryimage\"},\"thumbnailUrl\":\"https:\/\/cedricjobin.art\/wp-content\/uploads\/2024\/12\/line-1-1024x49.png\",\"datePublished\":\"2024-12-03T03:50:24+00:00\",\"dateModified\":\"2024-12-03T11:30:50+00:00\",\"breadcrumb\":{\"@id\":\"http:\/\/cedricjobin.art\/?page_id=92#breadcrumb\"},\"inLanguage\":\"en-US\",\"potentialAction\":[{\"@type\":\"ReadAction\",\"target\":[\"http:\/\/cedricjobin.art\/?page_id=92\"]}]},{\"@type\":\"ImageObject\",\"inLanguage\":\"en-US\",\"@id\":\"http:\/\/cedricjobin.art\/?page_id=92#primaryimage\",\"url\":\"https:\/\/cedricjobin.art\/wp-content\/uploads\/2024\/12\/line-1.png\",\"contentUrl\":\"https:\/\/cedricjobin.art\/wp-content\/uploads\/2024\/12\/line-1.png\",\"width\":3367,\"height\":160},{\"@type\":\"BreadcrumbList\",\"@id\":\"http:\/\/cedricjobin.art\/?page_id=92#breadcrumb\",\"itemListElement\":[{\"@type\":\"ListItem\",\"position\":1,\"name\":\"Home\",\"item\":\"http:\/\/cedricjobin.art\/\"},{\"@type\":\"ListItem\",\"position\":2,\"name\":\"Projets d&#8217;Animation\"}]},{\"@type\":\"WebSite\",\"@id\":\"http:\/\/cedricjobin.art\/#website\",\"url\":\"http:\/\/cedricjobin.art\/\",\"name\":\"Jobin Art\",\"description\":\"\",\"publisher\":{\"@id\":\"http:\/\/cedricjobin.art\/#organization\"},\"potentialAction\":[{\"@type\":\"SearchAction\",\"target\":{\"@type\":\"EntryPoint\",\"urlTemplate\":\"http:\/\/cedricjobin.art\/?s={search_term_string}\"},\"query-input\":{\"@type\":\"PropertyValueSpecification\",\"valueRequired\":true,\"valueName\":\"search_term_string\"}}],\"inLanguage\":\"en-US\"},{\"@type\":\"Organization\",\"@id\":\"http:\/\/cedricjobin.art\/#organization\",\"name\":\"Jobin Art\",\"url\":\"http:\/\/cedricjobin.art\/\",\"logo\":{\"@type\":\"ImageObject\",\"inLanguage\":\"en-US\",\"@id\":\"http:\/\/cedricjobin.art\/#\/schema\/logo\/image\/\",\"url\":\"https:\/\/cedricjobin.art\/wp-content\/uploads\/2024\/12\/rat.png\",\"contentUrl\":\"https:\/\/cedricjobin.art\/wp-content\/uploads\/2024\/12\/rat.png\",\"width\":406,\"height\":446,\"caption\":\"Jobin Art\"},\"image\":{\"@id\":\"http:\/\/cedricjobin.art\/#\/schema\/logo\/image\/\"}}]}<\/script>\n<!-- \/ Yoast SEO plugin. -->","yoast_head_json":{"title":"Projets d'Animation - Jobin Art","robots":{"index":"index","follow":"follow","max-snippet":"max-snippet:-1","max-image-preview":"max-image-preview:large","max-video-preview":"max-video-preview:-1"},"canonical":"http:\/\/cedricjobin.art\/?page_id=92","og_locale":"en_US","og_type":"article","og_title":"Projets d'Animation - Jobin Art","og_description":"Projets D&#8217;Animation Deus Ex Sacrificium Mod\u00e8le de personnage par: Jovanny ZapataDirection: Matisse Bolduc\/C\u00e9dric JobinAnimation: C\u00e9dric JobinD\u00e9cors: Matisse BolducMod\u00e8le\/Rigging du serpent: M\u00e9lissa LandryMusique: Lourick FamelartAnimation 3D Ce film est sans aucun doute le projet le plus complexe sur lequel j&#8217;ai eu la chance de travailler, mais aussi le plus satisfaisant et celui avec lequel j\u2019ai le [&hellip;]","og_url":"http:\/\/cedricjobin.art\/?page_id=92","og_site_name":"Jobin Art","article_modified_time":"2024-12-03T11:30:50+00:00","og_image":[{"width":3367,"height":160,"url":"https:\/\/cedricjobin.art\/wp-content\/uploads\/2024\/12\/line-1.png","type":"image\/png"}],"twitter_card":"summary_large_image","twitter_misc":{"Est. reading time":"1 minute"},"schema":{"@context":"https:\/\/schema.org","@graph":[{"@type":"WebPage","@id":"http:\/\/cedricjobin.art\/?page_id=92","url":"http:\/\/cedricjobin.art\/?page_id=92","name":"Projets d'Animation - Jobin Art","isPartOf":{"@id":"http:\/\/cedricjobin.art\/#website"},"primaryImageOfPage":{"@id":"http:\/\/cedricjobin.art\/?page_id=92#primaryimage"},"image":{"@id":"http:\/\/cedricjobin.art\/?page_id=92#primaryimage"},"thumbnailUrl":"https:\/\/cedricjobin.art\/wp-content\/uploads\/2024\/12\/line-1-1024x49.png","datePublished":"2024-12-03T03:50:24+00:00","dateModified":"2024-12-03T11:30:50+00:00","breadcrumb":{"@id":"http:\/\/cedricjobin.art\/?page_id=92#breadcrumb"},"inLanguage":"en-US","potentialAction":[{"@type":"ReadAction","target":["http:\/\/cedricjobin.art\/?page_id=92"]}]},{"@type":"ImageObject","inLanguage":"en-US","@id":"http:\/\/cedricjobin.art\/?page_id=92#primaryimage","url":"https:\/\/cedricjobin.art\/wp-content\/uploads\/2024\/12\/line-1.png","contentUrl":"https:\/\/cedricjobin.art\/wp-content\/uploads\/2024\/12\/line-1.png","width":3367,"height":160},{"@type":"BreadcrumbList","@id":"http:\/\/cedricjobin.art\/?page_id=92#breadcrumb","itemListElement":[{"@type":"ListItem","position":1,"name":"Home","item":"http:\/\/cedricjobin.art\/"},{"@type":"ListItem","position":2,"name":"Projets d&#8217;Animation"}]},{"@type":"WebSite","@id":"http:\/\/cedricjobin.art\/#website","url":"http:\/\/cedricjobin.art\/","name":"Jobin Art","description":"","publisher":{"@id":"http:\/\/cedricjobin.art\/#organization"},"potentialAction":[{"@type":"SearchAction","target":{"@type":"EntryPoint","urlTemplate":"http:\/\/cedricjobin.art\/?s={search_term_string}"},"query-input":{"@type":"PropertyValueSpecification","valueRequired":true,"valueName":"search_term_string"}}],"inLanguage":"en-US"},{"@type":"Organization","@id":"http:\/\/cedricjobin.art\/#organization","name":"Jobin Art","url":"http:\/\/cedricjobin.art\/","logo":{"@type":"ImageObject","inLanguage":"en-US","@id":"http:\/\/cedricjobin.art\/#\/schema\/logo\/image\/","url":"https:\/\/cedricjobin.art\/wp-content\/uploads\/2024\/12\/rat.png","contentUrl":"https:\/\/cedricjobin.art\/wp-content\/uploads\/2024\/12\/rat.png","width":406,"height":446,"caption":"Jobin Art"},"image":{"@id":"http:\/\/cedricjobin.art\/#\/schema\/logo\/image\/"}}]}},"_links":{"self":[{"href":"https:\/\/cedricjobin.art\/index.php?rest_route=\/wp\/v2\/pages\/92","targetHints":{"allow":["GET"]}}],"collection":[{"href":"https:\/\/cedricjobin.art\/index.php?rest_route=\/wp\/v2\/pages"}],"about":[{"href":"https:\/\/cedricjobin.art\/index.php?rest_route=\/wp\/v2\/types\/page"}],"author":[{"embeddable":true,"href":"https:\/\/cedricjobin.art\/index.php?rest_route=\/wp\/v2\/users\/1"}],"replies":[{"embeddable":true,"href":"https:\/\/cedricjobin.art\/index.php?rest_route=%2Fwp%2Fv2%2Fcomments&post=92"}],"version-history":[{"count":6,"href":"https:\/\/cedricjobin.art\/index.php?rest_route=\/wp\/v2\/pages\/92\/revisions"}],"predecessor-version":[{"id":130,"href":"https:\/\/cedricjobin.art\/index.php?rest_route=\/wp\/v2\/pages\/92\/revisions\/130"}],"wp:attachment":[{"href":"https:\/\/cedricjobin.art\/index.php?rest_route=%2Fwp%2Fv2%2Fmedia&parent=92"}],"curies":[{"name":"wp","href":"https:\/\/api.w.org\/{rel}","templated":true}]}}