{"id":50,"date":"2024-12-01T22:30:57","date_gmt":"2024-12-01T22:30:57","guid":{"rendered":"https:\/\/cedricjobin.art\/?page_id=50"},"modified":"2024-12-04T03:33:23","modified_gmt":"2024-12-04T03:33:23","slug":"acceuil","status":"publish","type":"page","link":"https:\/\/cedricjobin.art\/","title":{"rendered":"Portfolio Acceuil"},"content":{"rendered":"\n<h1 class=\"wp-block-heading\">Portfolio<\/h1>\n\n\n\n<p class=\"has-medium-font-size\">Bienvenue sur mon portfolio! D\u00e9couvrez une s\u00e9lection de mes projets en animation et en sculpture 3D. Que ce soit \u00e0 travers des courts m\u00e9trages ou des cr\u00e9ations 3D uniques. Bonne visite!<\/p>\n\n\n\n<figure class=\"wp-block-image aligncenter size-large is-resized\"><img loading=\"lazy\" decoding=\"async\" width=\"1024\" height=\"49\" src=\"https:\/\/cedricjobin.art\/wp-content\/uploads\/2024\/12\/line-1-1024x49.png\" alt=\"\" class=\"wp-image-70\" style=\"width:418px;height:auto\" srcset=\"https:\/\/cedricjobin.art\/wp-content\/uploads\/2024\/12\/line-1-1024x49.png 1024w, https:\/\/cedricjobin.art\/wp-content\/uploads\/2024\/12\/line-1-300x14.png 300w, https:\/\/cedricjobin.art\/wp-content\/uploads\/2024\/12\/line-1-768x36.png 768w, https:\/\/cedricjobin.art\/wp-content\/uploads\/2024\/12\/line-1-1536x73.png 1536w, https:\/\/cedricjobin.art\/wp-content\/uploads\/2024\/12\/line-1-2048x97.png 2048w\" sizes=\"auto, (max-width: 1024px) 100vw, 1024px\" \/><\/figure>\n\n\n\n<h4 class=\"wp-block-heading has-text-align-center has-hongebonge-font-family\">DEMO<\/h4>\n\n\n\n<p>Voici un aper\u00e7u de mon travail en animation.<\/p>\n\n\n\n<figure class=\"wp-block-video\"><video height=\"1080\" style=\"aspect-ratio: 1920 \/ 1080;\" width=\"1920\" controls src=\"https:\/\/cedricjobin.art\/wp-content\/uploads\/2024\/12\/DEMO-3.mp4\" playsinline><\/video><\/figure>\n\n\n\n<div class=\"wp-block-group is-nowrap is-layout-flex wp-container-core-group-is-layout-6c531013 wp-block-group-is-layout-flex\">\n<h2 class=\"wp-block-heading\">Mes Projets<\/h2>\n\n\n\n<figure class=\"wp-block-image aligncenter size-large is-resized\"><img loading=\"lazy\" decoding=\"async\" width=\"1024\" height=\"49\" src=\"https:\/\/cedricjobin.art\/wp-content\/uploads\/2024\/12\/line-1-1024x49.png\" alt=\"\" class=\"wp-image-70\" style=\"width:418px;height:auto\" srcset=\"https:\/\/cedricjobin.art\/wp-content\/uploads\/2024\/12\/line-1-1024x49.png 1024w, https:\/\/cedricjobin.art\/wp-content\/uploads\/2024\/12\/line-1-300x14.png 300w, https:\/\/cedricjobin.art\/wp-content\/uploads\/2024\/12\/line-1-768x36.png 768w, https:\/\/cedricjobin.art\/wp-content\/uploads\/2024\/12\/line-1-1536x73.png 1536w, https:\/\/cedricjobin.art\/wp-content\/uploads\/2024\/12\/line-1-2048x97.png 2048w\" sizes=\"auto, (max-width: 1024px) 100vw, 1024px\" \/><\/figure>\n<\/div>\n\n\n\n<p>Plongez dans mon univers cr\u00e9atif avec des courts m\u00e9trages sur lesquels j\u2019ai travaill\u00e9, ou bien explorez plut\u00f4t mes cr\u00e9ations 3D.<\/p>\n\n\n\n<figure class=\"wp-block-gallery has-nested-images columns-default is-cropped wp-block-gallery-1 is-layout-flex wp-block-gallery-is-layout-flex\">\n<figure class=\"wp-block-image size-large\"><a href=\"https:\/\/cedricjobin.art\/?page_id=92\"><img loading=\"lazy\" decoding=\"async\" width=\"412\" height=\"342\" data-id=\"111\" src=\"https:\/\/cedricjobin.art\/wp-content\/uploads\/2024\/12\/FILMS_button-1.png\" alt=\"\" class=\"wp-image-111\" srcset=\"https:\/\/cedricjobin.art\/wp-content\/uploads\/2024\/12\/FILMS_button-1.png 412w, https:\/\/cedricjobin.art\/wp-content\/uploads\/2024\/12\/FILMS_button-1-300x249.png 300w\" sizes=\"auto, (max-width: 412px) 100vw, 412px\" \/><\/a><\/figure>\n\n\n\n<figure class=\"wp-block-image size-large is-style-default\"><a href=\"https:\/\/cedricjobin.art\/?page_id=93\"><img loading=\"lazy\" decoding=\"async\" width=\"412\" height=\"336\" data-id=\"110\" src=\"https:\/\/cedricjobin.art\/wp-content\/uploads\/2024\/12\/3D_button-2.png\" alt=\"\" class=\"wp-image-110\" srcset=\"https:\/\/cedricjobin.art\/wp-content\/uploads\/2024\/12\/3D_button-2.png 412w, https:\/\/cedricjobin.art\/wp-content\/uploads\/2024\/12\/3D_button-2-300x245.png 300w\" sizes=\"auto, (max-width: 412px) 100vw, 412px\" \/><\/a><\/figure>\n<\/figure>\n\n\n\n<figure class=\"wp-block-image aligncenter size-large is-resized\"><img loading=\"lazy\" decoding=\"async\" width=\"1024\" height=\"49\" src=\"https:\/\/cedricjobin.art\/wp-content\/uploads\/2024\/12\/line-1-1024x49.png\" alt=\"\" class=\"wp-image-70\" style=\"width:418px;height:auto\" srcset=\"https:\/\/cedricjobin.art\/wp-content\/uploads\/2024\/12\/line-1-1024x49.png 1024w, https:\/\/cedricjobin.art\/wp-content\/uploads\/2024\/12\/line-1-300x14.png 300w, https:\/\/cedricjobin.art\/wp-content\/uploads\/2024\/12\/line-1-768x36.png 768w, https:\/\/cedricjobin.art\/wp-content\/uploads\/2024\/12\/line-1-1536x73.png 1536w, https:\/\/cedricjobin.art\/wp-content\/uploads\/2024\/12\/line-1-2048x97.png 2048w\" sizes=\"auto, (max-width: 1024px) 100vw, 1024px\" \/><\/figure>\n\n\n\n<figure class=\"wp-block-image size-full\"><img loading=\"lazy\" decoding=\"async\" width=\"879\" height=\"388\" src=\"https:\/\/cedricjobin.art\/wp-content\/uploads\/2024\/12\/pourmecontacter_mainpage.png\" alt=\"\" class=\"wp-image-167\" srcset=\"https:\/\/cedricjobin.art\/wp-content\/uploads\/2024\/12\/pourmecontacter_mainpage.png 879w, https:\/\/cedricjobin.art\/wp-content\/uploads\/2024\/12\/pourmecontacter_mainpage-300x132.png 300w, https:\/\/cedricjobin.art\/wp-content\/uploads\/2024\/12\/pourmecontacter_mainpage-768x339.png 768w\" sizes=\"auto, (max-width: 879px) 100vw, 879px\" \/><\/figure>\n\n\n\n<figure class=\"wp-block-image aligncenter size-large is-resized\"><img loading=\"lazy\" decoding=\"async\" width=\"1024\" height=\"49\" src=\"https:\/\/cedricjobin.art\/wp-content\/uploads\/2024\/12\/line-1-1024x49.png\" alt=\"\" class=\"wp-image-70\" style=\"width:418px;height:auto\" srcset=\"https:\/\/cedricjobin.art\/wp-content\/uploads\/2024\/12\/line-1-1024x49.png 1024w, https:\/\/cedricjobin.art\/wp-content\/uploads\/2024\/12\/line-1-300x14.png 300w, https:\/\/cedricjobin.art\/wp-content\/uploads\/2024\/12\/line-1-768x36.png 768w, https:\/\/cedricjobin.art\/wp-content\/uploads\/2024\/12\/line-1-1536x73.png 1536w, https:\/\/cedricjobin.art\/wp-content\/uploads\/2024\/12\/line-1-2048x97.png 2048w\" sizes=\"auto, (max-width: 1024px) 100vw, 1024px\" \/><\/figure>\n","protected":false},"excerpt":{"rendered":"<p>Portfolio Bienvenue sur mon portfolio! D\u00e9couvrez une s\u00e9lection de mes projets en animation et en sculpture 3D. Que ce soit \u00e0 travers des courts m\u00e9trages ou des cr\u00e9ations 3D uniques. Bonne visite! DEMO Voici un aper\u00e7u de mon travail en animation. Mes Projets Plongez dans mon univers cr\u00e9atif avec des courts m\u00e9trages sur lesquels j\u2019ai [&hellip;]<\/p>\n","protected":false},"author":1,"featured_media":72,"parent":0,"menu_order":0,"comment_status":"closed","ping_status":"closed","template":"","meta":{"footnotes":""},"class_list":["post-50","page","type-page","status-publish","has-post-thumbnail","hentry"],"yoast_head":"<!-- This site is optimized with the Yoast SEO plugin v24.0 - https:\/\/yoast.com\/wordpress\/plugins\/seo\/ -->\n<title>Portfolio Acceuil - Jobin Art<\/title>\n<meta name=\"robots\" content=\"index, follow, max-snippet:-1, max-image-preview:large, max-video-preview:-1\" \/>\n<link rel=\"canonical\" href=\"http:\/\/cedricjobin.art\/\" \/>\n<meta property=\"og:locale\" content=\"en_US\" \/>\n<meta property=\"og:type\" content=\"article\" \/>\n<meta property=\"og:title\" content=\"Portfolio Acceuil - Jobin Art\" \/>\n<meta property=\"og:description\" content=\"Portfolio Bienvenue sur mon portfolio! D\u00e9couvrez une s\u00e9lection de mes projets en animation et en sculpture 3D. Que ce soit \u00e0 travers des courts m\u00e9trages ou des cr\u00e9ations 3D uniques. Bonne visite! DEMO Voici un aper\u00e7u de mon travail en animation. Mes Projets Plongez dans mon univers cr\u00e9atif avec des courts m\u00e9trages sur lesquels j\u2019ai [&hellip;]\" \/>\n<meta property=\"og:url\" content=\"http:\/\/cedricjobin.art\/\" \/>\n<meta property=\"og:site_name\" content=\"Jobin Art\" \/>\n<meta property=\"article:modified_time\" content=\"2024-12-04T03:33:23+00:00\" \/>\n<meta property=\"og:image\" content=\"http:\/\/cedricjobin.art\/wp-content\/uploads\/2024\/12\/name_decrunched-2.png\" \/>\n\t<meta property=\"og:image:width\" content=\"2976\" \/>\n\t<meta property=\"og:image:height\" content=\"1934\" \/>\n\t<meta property=\"og:image:type\" content=\"image\/png\" \/>\n<meta name=\"twitter:card\" content=\"summary_large_image\" \/>\n<meta name=\"twitter:label1\" content=\"Est. reading time\" \/>\n\t<meta name=\"twitter:data1\" content=\"2 minutes\" \/>\n<script type=\"application\/ld+json\" class=\"yoast-schema-graph\">{\"@context\":\"https:\/\/schema.org\",\"@graph\":[{\"@type\":\"WebPage\",\"@id\":\"http:\/\/cedricjobin.art\/\",\"url\":\"http:\/\/cedricjobin.art\/\",\"name\":\"Portfolio Acceuil - Jobin Art\",\"isPartOf\":{\"@id\":\"http:\/\/cedricjobin.art\/#website\"},\"primaryImageOfPage\":{\"@id\":\"http:\/\/cedricjobin.art\/#primaryimage\"},\"image\":{\"@id\":\"http:\/\/cedricjobin.art\/#primaryimage\"},\"thumbnailUrl\":\"https:\/\/cedricjobin.art\/wp-content\/uploads\/2024\/12\/name_decrunched-2.png\",\"datePublished\":\"2024-12-01T22:30:57+00:00\",\"dateModified\":\"2024-12-04T03:33:23+00:00\",\"breadcrumb\":{\"@id\":\"http:\/\/cedricjobin.art\/#breadcrumb\"},\"inLanguage\":\"en-US\",\"potentialAction\":[{\"@type\":\"ReadAction\",\"target\":[\"http:\/\/cedricjobin.art\/\"]}]},{\"@type\":\"ImageObject\",\"inLanguage\":\"en-US\",\"@id\":\"http:\/\/cedricjobin.art\/#primaryimage\",\"url\":\"https:\/\/cedricjobin.art\/wp-content\/uploads\/2024\/12\/name_decrunched-2.png\",\"contentUrl\":\"https:\/\/cedricjobin.art\/wp-content\/uploads\/2024\/12\/name_decrunched-2.png\",\"width\":2976,\"height\":1934},{\"@type\":\"BreadcrumbList\",\"@id\":\"http:\/\/cedricjobin.art\/#breadcrumb\",\"itemListElement\":[{\"@type\":\"ListItem\",\"position\":1,\"name\":\"Home\",\"item\":\"http:\/\/cedricjobin.art\/\"},{\"@type\":\"ListItem\",\"position\":2,\"name\":\"Portfolio Acceuil\"}]},{\"@type\":\"WebSite\",\"@id\":\"http:\/\/cedricjobin.art\/#website\",\"url\":\"http:\/\/cedricjobin.art\/\",\"name\":\"Jobin Art\",\"description\":\"\",\"publisher\":{\"@id\":\"http:\/\/cedricjobin.art\/#organization\"},\"potentialAction\":[{\"@type\":\"SearchAction\",\"target\":{\"@type\":\"EntryPoint\",\"urlTemplate\":\"http:\/\/cedricjobin.art\/?s={search_term_string}\"},\"query-input\":{\"@type\":\"PropertyValueSpecification\",\"valueRequired\":true,\"valueName\":\"search_term_string\"}}],\"inLanguage\":\"en-US\"},{\"@type\":\"Organization\",\"@id\":\"http:\/\/cedricjobin.art\/#organization\",\"name\":\"Jobin Art\",\"url\":\"http:\/\/cedricjobin.art\/\",\"logo\":{\"@type\":\"ImageObject\",\"inLanguage\":\"en-US\",\"@id\":\"http:\/\/cedricjobin.art\/#\/schema\/logo\/image\/\",\"url\":\"https:\/\/cedricjobin.art\/wp-content\/uploads\/2024\/12\/rat.png\",\"contentUrl\":\"https:\/\/cedricjobin.art\/wp-content\/uploads\/2024\/12\/rat.png\",\"width\":406,\"height\":446,\"caption\":\"Jobin Art\"},\"image\":{\"@id\":\"http:\/\/cedricjobin.art\/#\/schema\/logo\/image\/\"}}]}<\/script>\n<!-- \/ Yoast SEO plugin. -->","yoast_head_json":{"title":"Portfolio Acceuil - Jobin Art","robots":{"index":"index","follow":"follow","max-snippet":"max-snippet:-1","max-image-preview":"max-image-preview:large","max-video-preview":"max-video-preview:-1"},"canonical":"http:\/\/cedricjobin.art\/","og_locale":"en_US","og_type":"article","og_title":"Portfolio Acceuil - Jobin Art","og_description":"Portfolio Bienvenue sur mon portfolio! D\u00e9couvrez une s\u00e9lection de mes projets en animation et en sculpture 3D. Que ce soit \u00e0 travers des courts m\u00e9trages ou des cr\u00e9ations 3D uniques. Bonne visite! DEMO Voici un aper\u00e7u de mon travail en animation. Mes Projets Plongez dans mon univers cr\u00e9atif avec des courts m\u00e9trages sur lesquels j\u2019ai [&hellip;]","og_url":"http:\/\/cedricjobin.art\/","og_site_name":"Jobin Art","article_modified_time":"2024-12-04T03:33:23+00:00","og_image":[{"width":2976,"height":1934,"url":"http:\/\/cedricjobin.art\/wp-content\/uploads\/2024\/12\/name_decrunched-2.png","type":"image\/png"}],"twitter_card":"summary_large_image","twitter_misc":{"Est. reading time":"2 minutes"},"schema":{"@context":"https:\/\/schema.org","@graph":[{"@type":"WebPage","@id":"http:\/\/cedricjobin.art\/","url":"http:\/\/cedricjobin.art\/","name":"Portfolio Acceuil - Jobin Art","isPartOf":{"@id":"http:\/\/cedricjobin.art\/#website"},"primaryImageOfPage":{"@id":"http:\/\/cedricjobin.art\/#primaryimage"},"image":{"@id":"http:\/\/cedricjobin.art\/#primaryimage"},"thumbnailUrl":"https:\/\/cedricjobin.art\/wp-content\/uploads\/2024\/12\/name_decrunched-2.png","datePublished":"2024-12-01T22:30:57+00:00","dateModified":"2024-12-04T03:33:23+00:00","breadcrumb":{"@id":"http:\/\/cedricjobin.art\/#breadcrumb"},"inLanguage":"en-US","potentialAction":[{"@type":"ReadAction","target":["http:\/\/cedricjobin.art\/"]}]},{"@type":"ImageObject","inLanguage":"en-US","@id":"http:\/\/cedricjobin.art\/#primaryimage","url":"https:\/\/cedricjobin.art\/wp-content\/uploads\/2024\/12\/name_decrunched-2.png","contentUrl":"https:\/\/cedricjobin.art\/wp-content\/uploads\/2024\/12\/name_decrunched-2.png","width":2976,"height":1934},{"@type":"BreadcrumbList","@id":"http:\/\/cedricjobin.art\/#breadcrumb","itemListElement":[{"@type":"ListItem","position":1,"name":"Home","item":"http:\/\/cedricjobin.art\/"},{"@type":"ListItem","position":2,"name":"Portfolio Acceuil"}]},{"@type":"WebSite","@id":"http:\/\/cedricjobin.art\/#website","url":"http:\/\/cedricjobin.art\/","name":"Jobin Art","description":"","publisher":{"@id":"http:\/\/cedricjobin.art\/#organization"},"potentialAction":[{"@type":"SearchAction","target":{"@type":"EntryPoint","urlTemplate":"http:\/\/cedricjobin.art\/?s={search_term_string}"},"query-input":{"@type":"PropertyValueSpecification","valueRequired":true,"valueName":"search_term_string"}}],"inLanguage":"en-US"},{"@type":"Organization","@id":"http:\/\/cedricjobin.art\/#organization","name":"Jobin Art","url":"http:\/\/cedricjobin.art\/","logo":{"@type":"ImageObject","inLanguage":"en-US","@id":"http:\/\/cedricjobin.art\/#\/schema\/logo\/image\/","url":"https:\/\/cedricjobin.art\/wp-content\/uploads\/2024\/12\/rat.png","contentUrl":"https:\/\/cedricjobin.art\/wp-content\/uploads\/2024\/12\/rat.png","width":406,"height":446,"caption":"Jobin Art"},"image":{"@id":"http:\/\/cedricjobin.art\/#\/schema\/logo\/image\/"}}]}},"_links":{"self":[{"href":"https:\/\/cedricjobin.art\/index.php?rest_route=\/wp\/v2\/pages\/50","targetHints":{"allow":["GET"]}}],"collection":[{"href":"https:\/\/cedricjobin.art\/index.php?rest_route=\/wp\/v2\/pages"}],"about":[{"href":"https:\/\/cedricjobin.art\/index.php?rest_route=\/wp\/v2\/types\/page"}],"author":[{"embeddable":true,"href":"https:\/\/cedricjobin.art\/index.php?rest_route=\/wp\/v2\/users\/1"}],"replies":[{"embeddable":true,"href":"https:\/\/cedricjobin.art\/index.php?rest_route=%2Fwp%2Fv2%2Fcomments&post=50"}],"version-history":[{"count":5,"href":"https:\/\/cedricjobin.art\/index.php?rest_route=\/wp\/v2\/pages\/50\/revisions"}],"predecessor-version":[{"id":170,"href":"https:\/\/cedricjobin.art\/index.php?rest_route=\/wp\/v2\/pages\/50\/revisions\/170"}],"wp:featuredmedia":[{"embeddable":true,"href":"https:\/\/cedricjobin.art\/index.php?rest_route=\/wp\/v2\/media\/72"}],"wp:attachment":[{"href":"https:\/\/cedricjobin.art\/index.php?rest_route=%2Fwp%2Fv2%2Fmedia&parent=50"}],"curies":[{"name":"wp","href":"https:\/\/api.w.org\/{rel}","templated":true}]}}